{"id":4111,"date":"2025-05-28T16:14:38","date_gmt":"2025-05-28T08:14:38","guid":{"rendered":"https:\/\/grandpackmachine.com\/?page_id=4111"},"modified":"2025-05-28T08:15:44","modified_gmt":"2025-05-28T08:15:44","slug":"checkweigher-gcw-series","status":"publish","type":"page","link":"https:\/\/grandpackmachine.com\/es\/packaging-automation-equipment\/checkweigher-gcw-series\/","title":{"rendered":"B\u00e1scula de control autom\u00e1tica de alta precisi\u00f3n"},"content":{"rendered":"","protected":false},"excerpt":{"rendered":"","protected":false},"author":1,"featured_media":4116,"parent":3819,"menu_order":0,"comment_status":"closed","ping_status":"closed","template":"","meta":{"footnotes":""},"class_list":["post-4111","page","type-page","status-publish","has-post-thumbnail","hentry"],"_links":{"self":[{"href":"https:\/\/grandpackmachine.com\/es\/wp-json\/wp\/v2\/pages\/4111","targetHints":{"allow":["GET"]}}],"collection":[{"href":"https:\/\/grandpackmachine.com\/es\/wp-json\/wp\/v2\/pages"}],"about":[{"href":"https:\/\/grandpackmachine.com\/es\/wp-json\/wp\/v2\/types\/page"}],"author":[{"embeddable":true,"href":"https:\/\/grandpackmachine.com\/es\/wp-json\/wp\/v2\/users\/1"}],"replies":[{"embeddable":true,"href":"https:\/\/grandpackmachine.com\/es\/wp-json\/wp\/v2\/comments?post=4111"}],"version-history":[{"count":0,"href":"https:\/\/grandpackmachine.com\/es\/wp-json\/wp\/v2\/pages\/4111\/revisions"}],"up":[{"embeddable":true,"href":"https:\/\/grandpackmachine.com\/es\/wp-json\/wp\/v2\/pages\/3819"}],"wp:featuredmedia":[{"embeddable":true,"href":"https:\/\/grandpackmachine.com\/es\/wp-json\/wp\/v2\/media\/4116"}],"wp:attachment":[{"href":"https:\/\/grandpackmachine.com\/es\/wp-json\/wp\/v2\/media?parent=4111"}],"curies":[{"name":"wp","href":"https:\/\/api.w.org\/{rel}","templated":true}]}}