{"id":2674,"date":"2024-11-12T09:09:15","date_gmt":"2024-11-12T01:09:15","guid":{"rendered":"https:\/\/grandpackmachine.com\/pharmaceutical-machinery\/tablet-press-machine-for-sale-2\/"},"modified":"2025-10-21T13:10:51","modified_gmt":"2025-10-21T05:10:51","slug":"tablet-press-machine-for-sale","status":"publish","type":"page","link":"https:\/\/grandpackmachine.com\/fr\/pharmaceutical-machinery\/tablet-press-machine-for-sale\/","title":{"rendered":"Presse \u00e0 comprim\u00e9s \u00e0 vendre"},"content":{"rendered":"","protected":false},"excerpt":{"rendered":"","protected":false},"author":1,"featured_media":0,"parent":132,"menu_order":0,"comment_status":"closed","ping_status":"closed","template":"","meta":{"footnotes":""},"class_list":["post-2674","page","type-page","status-publish","hentry"],"_links":{"self":[{"href":"https:\/\/grandpackmachine.com\/fr\/wp-json\/wp\/v2\/pages\/2674","targetHints":{"allow":["GET"]}}],"collection":[{"href":"https:\/\/grandpackmachine.com\/fr\/wp-json\/wp\/v2\/pages"}],"about":[{"href":"https:\/\/grandpackmachine.com\/fr\/wp-json\/wp\/v2\/types\/page"}],"author":[{"embeddable":true,"href":"https:\/\/grandpackmachine.com\/fr\/wp-json\/wp\/v2\/users\/1"}],"replies":[{"embeddable":true,"href":"https:\/\/grandpackmachine.com\/fr\/wp-json\/wp\/v2\/comments?post=2674"}],"version-history":[{"count":0,"href":"https:\/\/grandpackmachine.com\/fr\/wp-json\/wp\/v2\/pages\/2674\/revisions"}],"up":[{"embeddable":true,"href":"https:\/\/grandpackmachine.com\/fr\/wp-json\/wp\/v2\/pages\/132"}],"wp:attachment":[{"href":"https:\/\/grandpackmachine.com\/fr\/wp-json\/wp\/v2\/media?parent=2674"}],"curies":[{"name":"wp","href":"https:\/\/api.w.org\/{rel}","templated":true}]}}