{"id":2163,"date":"2024-09-21T08:51:45","date_gmt":"2024-09-21T00:51:45","guid":{"rendered":"https:\/\/grandpackmachine.com\/pharmaceutical-packaging-machine\/blister-packaging-machine-3\/"},"modified":"2025-11-17T16:04:00","modified_gmt":"2025-11-17T08:04:00","slug":"liquid-capsule-filling-machine","status":"publish","type":"page","link":"https:\/\/grandpackmachine.com\/tr\/capsule-filling-machine\/liquid-capsule-filling-machine\/","title":{"rendered":"S\u0131v\u0131 Kaps\u00fcl Dolum Makinesi"},"content":{"rendered":"","protected":false},"excerpt":{"rendered":"","protected":false},"author":1,"featured_media":0,"parent":13,"menu_order":0,"comment_status":"closed","ping_status":"closed","template":"","meta":{"footnotes":""},"class_list":["post-2163","page","type-page","status-publish","hentry"],"_links":{"self":[{"href":"https:\/\/grandpackmachine.com\/tr\/wp-json\/wp\/v2\/pages\/2163","targetHints":{"allow":["GET"]}}],"collection":[{"href":"https:\/\/grandpackmachine.com\/tr\/wp-json\/wp\/v2\/pages"}],"about":[{"href":"https:\/\/grandpackmachine.com\/tr\/wp-json\/wp\/v2\/types\/page"}],"author":[{"embeddable":true,"href":"https:\/\/grandpackmachine.com\/tr\/wp-json\/wp\/v2\/users\/1"}],"replies":[{"embeddable":true,"href":"https:\/\/grandpackmachine.com\/tr\/wp-json\/wp\/v2\/comments?post=2163"}],"version-history":[{"count":0,"href":"https:\/\/grandpackmachine.com\/tr\/wp-json\/wp\/v2\/pages\/2163\/revisions"}],"up":[{"embeddable":true,"href":"https:\/\/grandpackmachine.com\/tr\/wp-json\/wp\/v2\/pages\/13"}],"wp:attachment":[{"href":"https:\/\/grandpackmachine.com\/tr\/wp-json\/wp\/v2\/media?parent=2163"}],"curies":[{"name":"wp","href":"https:\/\/api.w.org\/{rel}","templated":true}]}}