{"id":2538,"date":"2024-10-25T13:14:12","date_gmt":"2024-10-25T05:14:12","guid":{"rendered":"https:\/\/grandpackmachine.com\/capsule-filling-machine\/semi-automatic-capsule-filling-machine-2\/"},"modified":"2026-01-22T16:36:45","modified_gmt":"2026-01-22T08:36:45","slug":"vacuum-mixer-homogenizer","status":"publish","type":"page","link":"https:\/\/grandpackmachine.com\/tr\/pharmaceutical-machinery\/vacuum-mixer-homogenizer\/","title":{"rendered":"Vakumlu kar\u0131\u015ft\u0131r\u0131c\u0131 homojenizat\u00f6r makineleri"},"content":{"rendered":"","protected":false},"excerpt":{"rendered":"","protected":false},"author":1,"featured_media":2525,"parent":132,"menu_order":0,"comment_status":"closed","ping_status":"closed","template":"","meta":{"footnotes":""},"class_list":["post-2538","page","type-page","status-publish","has-post-thumbnail","hentry"],"_links":{"self":[{"href":"https:\/\/grandpackmachine.com\/tr\/wp-json\/wp\/v2\/pages\/2538","targetHints":{"allow":["GET"]}}],"collection":[{"href":"https:\/\/grandpackmachine.com\/tr\/wp-json\/wp\/v2\/pages"}],"about":[{"href":"https:\/\/grandpackmachine.com\/tr\/wp-json\/wp\/v2\/types\/page"}],"author":[{"embeddable":true,"href":"https:\/\/grandpackmachine.com\/tr\/wp-json\/wp\/v2\/users\/1"}],"replies":[{"embeddable":true,"href":"https:\/\/grandpackmachine.com\/tr\/wp-json\/wp\/v2\/comments?post=2538"}],"version-history":[{"count":1,"href":"https:\/\/grandpackmachine.com\/tr\/wp-json\/wp\/v2\/pages\/2538\/revisions"}],"predecessor-version":[{"id":5070,"href":"https:\/\/grandpackmachine.com\/tr\/wp-json\/wp\/v2\/pages\/2538\/revisions\/5070"}],"up":[{"embeddable":true,"href":"https:\/\/grandpackmachine.com\/tr\/wp-json\/wp\/v2\/pages\/132"}],"wp:featuredmedia":[{"embeddable":true,"href":"https:\/\/grandpackmachine.com\/tr\/wp-json\/wp\/v2\/media\/2525"}],"wp:attachment":[{"href":"https:\/\/grandpackmachine.com\/tr\/wp-json\/wp\/v2\/media?parent=2538"}],"curies":[{"name":"wp","href":"https:\/\/api.w.org\/{rel}","templated":true}]}}