{"id":4392,"date":"2025-07-04T16:19:03","date_gmt":"2025-07-04T08:19:03","guid":{"rendered":"https:\/\/grandpackmachine.com\/?page_id=4392"},"modified":"2025-08-29T11:20:05","modified_gmt":"2025-08-29T03:20:05","slug":"heat-shrink-machine","status":"publish","type":"page","link":"https:\/\/grandpackmachine.com\/tr\/pharmaceutical-packaging-machine\/heat-shrink-machine\/","title":{"rendered":"Is\u0131 B\u00fcz\u00fc\u015fmeli Makine"},"content":{"rendered":"","protected":false},"excerpt":{"rendered":"","protected":false},"author":1,"featured_media":4383,"parent":270,"menu_order":0,"comment_status":"closed","ping_status":"closed","template":"","meta":{"footnotes":""},"class_list":["post-4392","page","type-page","status-publish","has-post-thumbnail","hentry"],"_links":{"self":[{"href":"https:\/\/grandpackmachine.com\/tr\/wp-json\/wp\/v2\/pages\/4392","targetHints":{"allow":["GET"]}}],"collection":[{"href":"https:\/\/grandpackmachine.com\/tr\/wp-json\/wp\/v2\/pages"}],"about":[{"href":"https:\/\/grandpackmachine.com\/tr\/wp-json\/wp\/v2\/types\/page"}],"author":[{"embeddable":true,"href":"https:\/\/grandpackmachine.com\/tr\/wp-json\/wp\/v2\/users\/1"}],"replies":[{"embeddable":true,"href":"https:\/\/grandpackmachine.com\/tr\/wp-json\/wp\/v2\/comments?post=4392"}],"version-history":[{"count":0,"href":"https:\/\/grandpackmachine.com\/tr\/wp-json\/wp\/v2\/pages\/4392\/revisions"}],"up":[{"embeddable":true,"href":"https:\/\/grandpackmachine.com\/tr\/wp-json\/wp\/v2\/pages\/270"}],"wp:featuredmedia":[{"embeddable":true,"href":"https:\/\/grandpackmachine.com\/tr\/wp-json\/wp\/v2\/media\/4383"}],"wp:attachment":[{"href":"https:\/\/grandpackmachine.com\/tr\/wp-json\/wp\/v2\/media?parent=4392"}],"curies":[{"name":"wp","href":"https:\/\/api.w.org\/{rel}","templated":true}]}}